{"id":2,"date":"2021-08-04T17:34:31","date_gmt":"2021-08-04T15:34:31","guid":{"rendered":"http:\/\/eko100wp.hastsveden.se\/?page_id=2"},"modified":"2022-04-28T09:33:36","modified_gmt":"2022-04-28T07:33:36","slug":"exempelsida","status":"publish","type":"page","link":"https:\/\/eko100.com\/","title":{"rendered":"Startsida"},"content":{"rendered":"\n<div class=\"wp-block-cover alignfull is-light\"><span aria-hidden=\"true\" class=\"has-background-dim-0 wp-block-cover__gradient-background has-background-dim\"><\/span><img data-recalc-dims=\"1\" loading=\"lazy\" decoding=\"async\" width=\"980\" height=\"434\" class=\"wp-block-cover__image-background wp-image-938\" alt=\"\" src=\"https:\/\/i0.wp.com\/eko100.com\/wp-content\/uploads\/2022\/04\/Start_raps3.jpg?resize=980%2C434&#038;ssl=1\" style=\"object-position:49% 29%\" data-object-fit=\"cover\" data-object-position=\"49% 29%\" srcset=\"https:\/\/i0.wp.com\/eko100.com\/wp-content\/uploads\/2022\/04\/Start_raps3.jpg?w=1920&amp;ssl=1 1920w, https:\/\/i0.wp.com\/eko100.com\/wp-content\/uploads\/2022\/04\/Start_raps3.jpg?resize=300%2C133&amp;ssl=1 300w, https:\/\/i0.wp.com\/eko100.com\/wp-content\/uploads\/2022\/04\/Start_raps3.jpg?resize=768%2C340&amp;ssl=1 768w, https:\/\/i0.wp.com\/eko100.com\/wp-content\/uploads\/2022\/04\/Start_raps3.jpg?resize=1536%2C680&amp;ssl=1 1536w, https:\/\/i0.wp.com\/eko100.com\/wp-content\/uploads\/2022\/04\/Start_raps3.jpg?resize=416%2C184&amp;ssl=1 416w\" sizes=\"auto, (max-width: 980px) 100vw, 980px\" \/><div class=\"wp-block-cover__inner-container is-layout-flow wp-block-cover-is-layout-flow\">\n<h3 class=\"has-text-align-center wp-block-heading\"><strong><span style=\"color:#459746\" class=\"has-inline-color\">EKO100<\/span><\/strong><\/h3>\n\n\n\n<h4 class=\"has-text-align-center wp-block-heading\"><strong><span style=\"color:#459746\" class=\"has-inline-color\">Milj\u00f6v\u00e4nliga sm\u00f6rjoljor direkt fr\u00e5n fabrik<\/span><\/strong><\/h4>\n\n\n\n<p class=\"has-text-align-center\"><mark style=\"background-color:rgba(0, 0, 0, 0)\" class=\"has-inline-color has-black-color\">EKO100 sm\u00f6rjmedel tillverkas av biologiskt nedbrytbar rapsolja med sm\u00f6rjegenskaper som m\u00e5nga g\u00e5nger \u00e4r betydligt b\u00e4ttre \u00e4n mineraloljor. V\u00e5ra fr\u00e4msta kundkategorier \u00e4r f\u00f6retag och privatpersoner inom skogs- och lantbruket, betongindustrin samt olika sektorer inom detaljhandeln.<\/mark><\/p>\n\n\n\n<p><\/p>\n\n\n\n<p class=\"has-text-align-center\"><br><br><br><br><br><br><\/p>\n<\/div><\/div>\n\n\n\n<h2 class=\"has-text-align-center wp-block-heading\"><strong>V\u00e4lj r\u00e4tt sm\u00f6rjmedel ur v\u00e5rt sortiment<\/strong><\/h2>\n\n\n\n<div style=\"height:31px\" aria-hidden=\"true\" class=\"wp-block-spacer\"><\/div>\n\n\n\n<div class=\"wp-block-columns is-layout-flex wp-container-core-columns-is-layout-28f84493 wp-block-columns-is-layout-flex\">\n<div class=\"wp-block-column is-layout-flow wp-block-column-is-layout-flow\">\n<figure class=\"wp-block-image size-full navigationcard bg-gray\"><a href=\"https:\/\/eko100.com\/index.php\/valj-ratt-sagkedjesmorjmedel\/\"><img data-recalc-dims=\"1\" loading=\"lazy\" decoding=\"async\" width=\"315\" height=\"356\" src=\"https:\/\/i0.wp.com\/eko100wp.hastsveden.se\/wp-content\/uploads\/2021\/08\/oljeguiden.jpg?resize=315%2C356\" alt=\"\" class=\"wp-image-34\" srcset=\"https:\/\/i0.wp.com\/eko100.com\/wp-content\/uploads\/2021\/08\/oljeguiden.jpg?w=315&amp;ssl=1 315w, https:\/\/i0.wp.com\/eko100.com\/wp-content\/uploads\/2021\/08\/oljeguiden.jpg?resize=265%2C300&amp;ssl=1 265w\" sizes=\"auto, (max-width: 315px) 100vw, 315px\" \/><\/a><figcaption><strong>Oljeguiden<\/strong><\/figcaption><\/figure>\n<\/div>\n\n\n\n<div class=\"wp-block-column is-layout-flow wp-block-column-is-layout-flow\">\n<figure class=\"wp-block-image size-full navigationcard is-style-default bg-green\"><a href=\"https:\/\/eko100.com\/index.php\/skogs-och-lantbruk-se-produktoversikt\/\"><img data-recalc-dims=\"1\" loading=\"lazy\" decoding=\"async\" width=\"315\" height=\"356\" src=\"https:\/\/i0.wp.com\/eko100wp.hastsveden.se\/wp-content\/uploads\/2021\/08\/Skogs-lantbruk.jpg?resize=315%2C356\" alt=\"\" class=\"wp-image-288\" srcset=\"https:\/\/i0.wp.com\/eko100.com\/wp-content\/uploads\/2021\/08\/Skogs-lantbruk.jpg?w=315&amp;ssl=1 315w, https:\/\/i0.wp.com\/eko100.com\/wp-content\/uploads\/2021\/08\/Skogs-lantbruk.jpg?resize=265%2C300&amp;ssl=1 265w\" sizes=\"auto, (max-width: 315px) 100vw, 315px\" \/><\/a><figcaption><strong>Skogs- och lantbruk<\/strong><\/figcaption><\/figure>\n<\/div>\n\n\n\n<div class=\"wp-block-column is-layout-flow wp-block-column-is-layout-flow\">\n<figure class=\"wp-block-image size-full navigationcard is-style-default bg-yellow\"><a href=\"https:\/\/eko100.com\/index.php\/industri-produktoversikt\/\"><img data-recalc-dims=\"1\" loading=\"lazy\" decoding=\"async\" width=\"315\" height=\"356\" src=\"https:\/\/i0.wp.com\/eko100wp.hastsveden.se\/wp-content\/uploads\/2021\/08\/Industri.jpg?resize=315%2C356\" alt=\"\" class=\"wp-image-286\" srcset=\"https:\/\/i0.wp.com\/eko100.com\/wp-content\/uploads\/2021\/08\/Industri.jpg?w=315&amp;ssl=1 315w, https:\/\/i0.wp.com\/eko100.com\/wp-content\/uploads\/2021\/08\/Industri.jpg?resize=265%2C300&amp;ssl=1 265w\" sizes=\"auto, (max-width: 315px) 100vw, 315px\" \/><\/a><figcaption><strong>Industri<\/strong><\/figcaption><\/figure>\n<\/div>\n<\/div>\n\n\n<div class=\"gb-container gb-container-adebebc3 negativebottom alignfull\"><div class=\"gb-inside-container\">\n<div class=\"gb-container gb-container-1c471d14\"><div class=\"gb-inside-container\">\n\n<div class=\"wp-block-media-text alignwide is-stacked-on-mobile\"><figure class=\"wp-block-media-text__media\"><img data-recalc-dims=\"1\" loading=\"lazy\" decoding=\"async\" width=\"580\" height=\"340\" src=\"https:\/\/i0.wp.com\/eko100.com\/wp-content\/uploads\/2021\/08\/Youtube_mockup-3.png?resize=580%2C340&#038;ssl=1\" alt=\"\" class=\"wp-image-637 size-full\" srcset=\"https:\/\/i0.wp.com\/eko100.com\/wp-content\/uploads\/2021\/08\/Youtube_mockup-3.png?w=580&amp;ssl=1 580w, https:\/\/i0.wp.com\/eko100.com\/wp-content\/uploads\/2021\/08\/Youtube_mockup-3.png?resize=300%2C176&amp;ssl=1 300w, https:\/\/i0.wp.com\/eko100.com\/wp-content\/uploads\/2021\/08\/Youtube_mockup-3.png?resize=416%2C244&amp;ssl=1 416w\" sizes=\"auto, (max-width: 580px) 100vw, 580px\" \/><\/figure><div class=\"wp-block-media-text__content\">\n<h2 class=\"has-text-align-center wp-block-heading\"><strong><span class=\"has-inline-color has-white-color\">Se v\u00e5ra filmer p\u00e5 Youtube<\/span><\/strong><\/h2>\n\n\n\n<p class=\"has-text-align-center\"><span style=\"color: #514949;\" data=\"#514949\" class=\"gutengeek-rich-text-color\"><span class=\"has-inline-color has-white-color\">Klicka p\u00e5 l\u00e4nkarna nedan f\u00f6r att g\u00e5 till Youtube och se v\u00e5ra filmer d\u00e4r vi visar vad v\u00e5ra produkter kan g\u00f6ra f\u00f6r dig och ditt f\u00f6retag.<\/span><\/span><\/p>\n\n\n<div class=\"gb-button-wrapper gb-button-wrapper-cc6d39a3\">\n\n<a class=\"gb-button gb-button-87e01fbf gb-button-text yellowbutt\" href=\"https:\/\/www.youtube.com\/watch?v=NSvBIqr74RA\"><strong>EKO100 &#8211; Varf\u00f6r v\u00e4lja oss?<\/strong><\/a>\n\n<\/div>\n\n<div class=\"gb-button-wrapper gb-button-wrapper-f64190ab\">\n\n<a class=\"gb-button gb-button-eddee520 gb-button-text yellowbutt\" href=\"https:\/\/www.youtube.com\/watch?v=8_0-pBnZpt0\"><strong><strong>EKO100 &#8211; Uppt\u00e4ck f\u00f6rdelarna med GreasOil<\/strong><\/strong><\/a>\n\n<\/div><\/div><\/div>\n\n<\/div><\/div>\n<\/div><\/div>\n\n\n<p><\/p>\n","protected":false},"excerpt":{"rendered":"<p>V\u00e4lj r\u00e4tt sm\u00f6rjmedel ur v\u00e5rt sortiment Se v\u00e5ra filmer p\u00e5 Youtube Klicka p\u00e5 l\u00e4nkarna nedan f\u00f6r att g\u00e5 till Youtube och se v\u00e5ra filmer d\u00e4r vi visar vad v\u00e5ra produkter kan g\u00f6ra f\u00f6r dig och ditt f\u00f6retag.<\/p>\n","protected":false},"author":1,"featured_media":0,"parent":0,"menu_order":0,"comment_status":"closed","ping_status":"open","template":"template-fullwidth.php","meta":{"footnotes":""},"class_list":["post-2","page","type-page","status-publish","hentry"],"jetpack_sharing_enabled":true,"_links":{"self":[{"href":"https:\/\/eko100.com\/index.php\/wp-json\/wp\/v2\/pages\/2","targetHints":{"allow":["GET"]}}],"collection":[{"href":"https:\/\/eko100.com\/index.php\/wp-json\/wp\/v2\/pages"}],"about":[{"href":"https:\/\/eko100.com\/index.php\/wp-json\/wp\/v2\/types\/page"}],"author":[{"embeddable":true,"href":"https:\/\/eko100.com\/index.php\/wp-json\/wp\/v2\/users\/1"}],"replies":[{"embeddable":true,"href":"https:\/\/eko100.com\/index.php\/wp-json\/wp\/v2\/comments?post=2"}],"version-history":[{"count":202,"href":"https:\/\/eko100.com\/index.php\/wp-json\/wp\/v2\/pages\/2\/revisions"}],"predecessor-version":[{"id":939,"href":"https:\/\/eko100.com\/index.php\/wp-json\/wp\/v2\/pages\/2\/revisions\/939"}],"wp:attachment":[{"href":"https:\/\/eko100.com\/index.php\/wp-json\/wp\/v2\/media?parent=2"}],"curies":[{"name":"wp","href":"https:\/\/api.w.org\/{rel}","templated":true}]}}