{"id":218,"date":"2021-08-06T06:33:23","date_gmt":"2021-08-06T04:33:23","guid":{"rendered":"http:\/\/eko100wp.hastsveden.se\/?page_id=218"},"modified":"2024-12-05T14:24:36","modified_gmt":"2024-12-05T13:24:36","slug":"kontakt","status":"publish","type":"page","link":"https:\/\/eko100.com\/index.php\/kontakt\/","title":{"rendered":"Kontakt"},"content":{"rendered":"\n<h2 class=\"wp-block-heading has-text-align-center\"><br><strong>Kontakta oss<\/strong><\/h2>\n\n\n\n<p class=\"has-text-align-center\">Har du fr\u00e5gor om v\u00e5ra produkter, din order eller leverans?&nbsp;Kontakta oss s\u00e5 svarar vi s\u00e5 fort vi kan.<\/p>\n\n\n\n<p class=\"has-text-align-center\"><strong>Skandinavisk Biotech AB<\/strong><\/p>\n\n\n\n<p class=\"has-text-align-center\">Adress: Gamla Orbadenv\u00e4gen 2 \u2022 821 67 Vallsta, Sverige<br>Tel.: 0978 710 71<br>E-post:\u00a0<a href=\"mailto:info@eko100.com\">info@eko100.com<\/a><\/p>\n\n\n\n<h5 class=\"wp-block-heading has-text-align-center\"><\/h5>\n\n\n\n<p class=\"has-text-align-center\"><\/p>\n\n\n","protected":false},"excerpt":{"rendered":"<p>Kontakta oss Har du fr\u00e5gor om v\u00e5ra produkter, din order eller leverans?&nbsp;Kontakta oss s\u00e5 svarar vi s\u00e5 fort vi kan. Skandinavisk Biotech AB Adress: Gamla Orbadenv\u00e4gen 2 \u2022 821 67 Vallsta, SverigeTel.: 0978 710 71E-post:\u00a0info@eko100.com<\/p>\n","protected":false},"author":1,"featured_media":0,"parent":0,"menu_order":0,"comment_status":"closed","ping_status":"closed","template":"template-fullwidth.php","meta":{"footnotes":""},"class_list":["post-218","page","type-page","status-publish","hentry"],"jetpack_sharing_enabled":true,"_links":{"self":[{"href":"https:\/\/eko100.com\/index.php\/wp-json\/wp\/v2\/pages\/218","targetHints":{"allow":["GET"]}}],"collection":[{"href":"https:\/\/eko100.com\/index.php\/wp-json\/wp\/v2\/pages"}],"about":[{"href":"https:\/\/eko100.com\/index.php\/wp-json\/wp\/v2\/types\/page"}],"author":[{"embeddable":true,"href":"https:\/\/eko100.com\/index.php\/wp-json\/wp\/v2\/users\/1"}],"replies":[{"embeddable":true,"href":"https:\/\/eko100.com\/index.php\/wp-json\/wp\/v2\/comments?post=218"}],"version-history":[{"count":42,"href":"https:\/\/eko100.com\/index.php\/wp-json\/wp\/v2\/pages\/218\/revisions"}],"predecessor-version":[{"id":1150,"href":"https:\/\/eko100.com\/index.php\/wp-json\/wp\/v2\/pages\/218\/revisions\/1150"}],"wp:attachment":[{"href":"https:\/\/eko100.com\/index.php\/wp-json\/wp\/v2\/media?parent=218"}],"curies":[{"name":"wp","href":"https:\/\/api.w.org\/{rel}","templated":true}]}}