{"id":181,"date":"2021-08-06T06:24:54","date_gmt":"2021-08-06T04:24:54","guid":{"rendered":"http:\/\/eko100wp.hastsveden.se\/index.php\/produkt\/eko100-super-strong-sagkedjeolja-1000-liter\/"},"modified":"2023-09-15T14:26:44","modified_gmt":"2023-09-15T12:26:44","slug":"eko100-super-strong-sagkedjeolja-1000-liter","status":"publish","type":"product","link":"https:\/\/eko100.com\/index.php\/produkt\/eko100-super-strong-sagkedjeolja-1000-liter\/","title":{"rendered":"EKO100 Super Strong S\u00e5gkedjeolja, (Bio) 1000 liter"},"content":{"rendered":"<p class=\"p1\">EKO100 S\u00e5gkedjeolja Super Strong \u00e4r en bioolja med extremt god vidh\u00e4ftning l\u00e4mpar sig speciellt bra vid slutavverkning samt till kedjes\u00e5gverk med l\u00e5nga sv\u00e4rd.<\/p>\n<p>Egenskaper:<\/p>\n<ul class=\"ul1\">\n<li class=\"li2\">Dess h\u00f6ga viskositet, ISO VG90, g\u00f6r denna olja speciellt l\u00e4mplig under varma sommarm\u00e5nader. Denna olja har f\u00e5tt mycket goda vitsord av \u201dtimmerm\u00e4n\u201d som s\u00e5gar\/snidar i torrfuror och liknande, d\u00e4r s\u00e5gen ofta arbetar kontinuerligt utan stopp.<\/li>\n<li class=\"li2\">EKO100 S\u00e5gkedjeolja Super Strong \u00e4r skonsam f\u00f6r anv\u00e4ndaren samt biologiskt nedbrytbar i naturen enligt OECD 301F krav.<\/li>\n<li class=\"li2\">EKO100 S\u00e5gkedjeolja Super Strong \u00e4r baserad p\u00e5 rapsolja (mer \u00e4n 90%) och inneh\u00e5ller vidh\u00e4ftande samt k\u00f6ld- och slitageskyddande tillsatser. \u00c4ven dessa tillsatser \u00e4r biologiskt nedbrytbara.<\/li>\n<li class=\"li2\">EKO100 S\u00e5gkedjeolja Super Strong ger ett mycket gott skydd mot slitage samt skyddar s\u00e5gkedja och sv\u00e4rd mot rost och korrosion.<\/li>\n<li class=\"li2\">EKO100 S\u00e5gkedjeolja Super Strong \u00e4r vattenresistent och rekommenderas speciellt d\u00e4r vattenbortspolning \u00e4r ett problem.<\/li>\n<li class=\"li2\">EKO100 S\u00e5gkedjeolja Super Strong har en garanterad flytbarhet ner till -27\u00b0C. Inneh\u00e5ller additiv som h\u00e5ller motors\u00e5gskedjorna smidiga trots l\u00e5ngvarigt stillest\u00e5nd. Vi rekommenderar dock att tanken t\u00f6ms samt pump och kedjor reng\u00f6rs vid stillest\u00e5nd l\u00e4ngre \u00e4n ca 12 m\u00e5nader.<\/li>\n<li class=\"li2\">F\u00f6r anv\u00e4ndning i motors\u00e5gar rekommenderar vi anv\u00e4ndning av n\u00e5gon av v\u00e5ra andra kedjeoljor, tex. EKO100 VG68.<\/li>\n<\/ul>\n","protected":false},"excerpt":{"rendered":"<p>EKO100 S\u00e5gkedjeolja Super Strong \u00e4r en bioolja med extremt god vidh\u00e4ftning l\u00e4mpar sig speciellt bra vid slutavverkning samt till kedjes\u00e5gverk med l\u00e5nga sv\u00e4rd. Egenskaper: Dess h\u00f6ga viskositet, ISO VG90, g\u00f6r denna olja speciellt l\u00e4mplig under varma sommarm\u00e5nader. Denna olja har f\u00e5tt mycket goda vitsord av \u201dtimmerm\u00e4n\u201d som s\u00e5gar\/snidar i torrfuror och liknande, d\u00e4r s\u00e5gen ofta [&hellip;]<\/p>\n","protected":false},"featured_media":495,"template":"","meta":[],"product_brand":[],"product_cat":[31],"product_tag":[],"class_list":{"0":"post-181","1":"product","2":"type-product","3":"status-publish","4":"has-post-thumbnail","6":"product_cat-eko100-super-strong-sagkedjeolja","8":"first","9":"instock","10":"taxable","11":"shipping-taxable","12":"purchasable","13":"product-type-simple"},"jetpack_sharing_enabled":true,"_links":{"self":[{"href":"https:\/\/eko100.com\/index.php\/wp-json\/wp\/v2\/product\/181","targetHints":{"allow":["GET"]}}],"collection":[{"href":"https:\/\/eko100.com\/index.php\/wp-json\/wp\/v2\/product"}],"about":[{"href":"https:\/\/eko100.com\/index.php\/wp-json\/wp\/v2\/types\/product"}],"wp:featuredmedia":[{"embeddable":true,"href":"https:\/\/eko100.com\/index.php\/wp-json\/wp\/v2\/media\/495"}],"wp:attachment":[{"href":"https:\/\/eko100.com\/index.php\/wp-json\/wp\/v2\/media?parent=181"}],"wp:term":[{"taxonomy":"product_brand","embeddable":true,"href":"https:\/\/eko100.com\/index.php\/wp-json\/wp\/v2\/product_brand?post=181"},{"taxonomy":"product_cat","embeddable":true,"href":"https:\/\/eko100.com\/index.php\/wp-json\/wp\/v2\/product_cat?post=181"},{"taxonomy":"product_tag","embeddable":true,"href":"https:\/\/eko100.com\/index.php\/wp-json\/wp\/v2\/product_tag?post=181"}],"curies":[{"name":"wp","href":"https:\/\/api.w.org\/{rel}","templated":true}]}}