{"id":191,"date":"2021-08-06T06:24:55","date_gmt":"2021-08-06T04:24:55","guid":{"rendered":"http:\/\/eko100wp.hastsveden.se\/index.php\/produkt\/eko100-form-20-1000-liter\/"},"modified":"2024-02-05T11:41:51","modified_gmt":"2024-02-05T10:41:51","slug":"eko100-form-20-1000-liter","status":"publish","type":"product","link":"https:\/\/eko100.com\/index.php\/produkt\/eko100-form-20-1000-liter\/","title":{"rendered":"EKO100 Form 20, (Bio) 1000 liter"},"content":{"rendered":"<p class=\"p1\">EKO100 Formolja \u00e4r ett biosm\u00f6rjmedel som anv\u00e4nds som sl\u00e4ppolja f\u00f6r betonggjutningar samt f\u00f6r skyddssm\u00f6rjning av betongbilar, pumpar, blandare. F\u00f6rebygger \u00e4ven att material fryser fast p\u00e5 containers, flak etc.<\/p>\n<p class=\"p1\">EKO100 Formolja finns i tv\u00e5 viskositetsklasser.<\/p>\n<ul class=\"ul1\">\n<li class=\"li2\">EKO100 Form E \u00e4r en 100%-ig vegetabilisk ester som anv\u00e4nds d\u00e4r det st\u00e4lls krav p\u00e5 en mycket tunnflytande olja, ISO VG10. Fryspunkt -24\u00b0C<\/li>\n<li class=\"li2\">EKO100 Form 20 \u00e4r tillverkad av teknisk rapsolja och har en tjockare viskositet, ISO VG20. Fryspunkt -20\u00b0C.<\/li>\n<\/ul>\n<p class=\"p1\">Egenskaper:<\/p>\n<ul class=\"ul1\">\n<li class=\"li2\">EKO100 Formolja \u00e4r skonsam f\u00f6r anv\u00e4ndaren samt biologiskt<br \/>\nfullst\u00e4ndigt nedbrytbar i naturen enligt OECD 301F villkor.<\/li>\n<li class=\"li2\">EKO100 Formolja fungerar till alla typer av formar samt ger en mycket sl\u00e4t och porfri yta.<\/li>\n<li class=\"li2\">EKO100 Formolja underl\u00e4ttar rivning av gjutformar samt g\u00f6r att reng\u00f6ringen av maskiner och utrustning blir betydligt enklare.<\/li>\n<\/ul>\n","protected":false},"excerpt":{"rendered":"<p>EKO100 Formolja \u00e4r ett biosm\u00f6rjmedel som anv\u00e4nds som sl\u00e4ppolja f\u00f6r betonggjutningar samt f\u00f6r skyddssm\u00f6rjning av betongbilar, pumpar, blandare. F\u00f6rebygger \u00e4ven att material fryser fast p\u00e5 containers, flak etc. EKO100 Formolja finns i tv\u00e5 viskositetsklasser. EKO100 Form E \u00e4r en 100%-ig vegetabilisk ester som anv\u00e4nds d\u00e4r det st\u00e4lls krav p\u00e5 en mycket tunnflytande olja, ISO VG10. [&hellip;]<\/p>\n","protected":false},"featured_media":524,"template":"","meta":[],"product_brand":[],"product_cat":[34],"product_tag":[],"class_list":{"0":"post-191","1":"product","2":"type-product","3":"status-publish","4":"has-post-thumbnail","6":"product_cat-eko100-formolja-slappmedel","8":"first","9":"instock","10":"taxable","11":"shipping-taxable","12":"purchasable","13":"product-type-simple"},"jetpack_sharing_enabled":true,"_links":{"self":[{"href":"https:\/\/eko100.com\/index.php\/wp-json\/wp\/v2\/product\/191","targetHints":{"allow":["GET"]}}],"collection":[{"href":"https:\/\/eko100.com\/index.php\/wp-json\/wp\/v2\/product"}],"about":[{"href":"https:\/\/eko100.com\/index.php\/wp-json\/wp\/v2\/types\/product"}],"wp:featuredmedia":[{"embeddable":true,"href":"https:\/\/eko100.com\/index.php\/wp-json\/wp\/v2\/media\/524"}],"wp:attachment":[{"href":"https:\/\/eko100.com\/index.php\/wp-json\/wp\/v2\/media?parent=191"}],"wp:term":[{"taxonomy":"product_brand","embeddable":true,"href":"https:\/\/eko100.com\/index.php\/wp-json\/wp\/v2\/product_brand?post=191"},{"taxonomy":"product_cat","embeddable":true,"href":"https:\/\/eko100.com\/index.php\/wp-json\/wp\/v2\/product_cat?post=191"},{"taxonomy":"product_tag","embeddable":true,"href":"https:\/\/eko100.com\/index.php\/wp-json\/wp\/v2\/product_tag?post=191"}],"curies":[{"name":"wp","href":"https:\/\/api.w.org\/{rel}","templated":true}]}}