{"id":202,"date":"2021-08-06T06:24:55","date_gmt":"2021-08-06T04:24:55","guid":{"rendered":"http:\/\/eko100wp.hastsveden.se\/index.php\/produkt\/eko100-bandlube-10-10-liter\/"},"modified":"2024-05-16T08:22:34","modified_gmt":"2024-05-16T06:22:34","slug":"eko100-bandlube-10-10-liter","status":"publish","type":"product","link":"https:\/\/eko100.com\/index.php\/produkt\/eko100-bandlube-10-10-liter\/","title":{"rendered":"EKO100 BandLube 10 (Bio), 10 liter"},"content":{"rendered":"<p class=\"p1\">EKO100 BandLube \u00e4r en bioolja avsedd f\u00f6r reng\u00f6ring och sm\u00f6rjning av bands\u00e5gar, cirkels\u00e5gar och hyvelbord.<br \/>\nEKO100 BandLube finns i tv\u00e5 viskositetsklasser. ISO VG10 samt ISO VG32<\/p>\n<p class=\"p1\">Egenskaper:<\/p>\n<ul class=\"ul1\">\n<li class=\"li2\">EKO100 BandLube \u00e4r skonsam f\u00f6r anv\u00e4ndaren samt biologiskt nedbrytbar i naturen enligt OECD 301F krav.<\/li>\n<li class=\"li2\">EKO100 BandLube skyddar mot korrosion samt har god vidh\u00e4ftning mot metaller vilket f\u00f6rl\u00e4nger s\u00e5gbandens slipintervaller.<\/li>\n<li class=\"li2\">EKO100 BandLube har extremt goda sm\u00f6rjande egenskaper och medf\u00f6r att f\u00f6rbrukningen kan minskas avsev\u00e4rt i j\u00e4mf\u00f6relse med mineraloljebaserade produkter.<\/li>\n<li class=\"li2\">EKO100 BandLube har en fryspunkt p\u00e5 -20\u00b0C VG68<\/li>\n<\/ul>\n","protected":false},"excerpt":{"rendered":"<p>EKO100 BandLube \u00e4r en bioolja avsedd f\u00f6r reng\u00f6ring och sm\u00f6rjning av bands\u00e5gar, cirkels\u00e5gar och hyvelbord. EKO100 BandLube finns i tv\u00e5 viskositetsklasser. ISO VG10 samt ISO VG32 Egenskaper: EKO100 BandLube \u00e4r skonsam f\u00f6r anv\u00e4ndaren samt biologiskt nedbrytbar i naturen enligt OECD 301F krav. EKO100 BandLube skyddar mot korrosion samt har god vidh\u00e4ftning mot metaller vilket f\u00f6rl\u00e4nger [&hellip;]<\/p>\n","protected":false},"featured_media":959,"template":"","meta":[],"product_brand":[],"product_cat":[35],"product_tag":[],"class_list":{"0":"post-202","1":"product","2":"type-product","3":"status-publish","4":"has-post-thumbnail","6":"product_cat-eko100-bandlube-bandsmorjning","8":"first","9":"instock","10":"taxable","11":"shipping-taxable","12":"purchasable","13":"product-type-simple"},"jetpack_sharing_enabled":true,"_links":{"self":[{"href":"https:\/\/eko100.com\/index.php\/wp-json\/wp\/v2\/product\/202","targetHints":{"allow":["GET"]}}],"collection":[{"href":"https:\/\/eko100.com\/index.php\/wp-json\/wp\/v2\/product"}],"about":[{"href":"https:\/\/eko100.com\/index.php\/wp-json\/wp\/v2\/types\/product"}],"wp:featuredmedia":[{"embeddable":true,"href":"https:\/\/eko100.com\/index.php\/wp-json\/wp\/v2\/media\/959"}],"wp:attachment":[{"href":"https:\/\/eko100.com\/index.php\/wp-json\/wp\/v2\/media?parent=202"}],"wp:term":[{"taxonomy":"product_brand","embeddable":true,"href":"https:\/\/eko100.com\/index.php\/wp-json\/wp\/v2\/product_brand?post=202"},{"taxonomy":"product_cat","embeddable":true,"href":"https:\/\/eko100.com\/index.php\/wp-json\/wp\/v2\/product_cat?post=202"},{"taxonomy":"product_tag","embeddable":true,"href":"https:\/\/eko100.com\/index.php\/wp-json\/wp\/v2\/product_tag?post=202"}],"curies":[{"name":"wp","href":"https:\/\/api.w.org\/{rel}","templated":true}]}}