{"id":206,"date":"2021-08-06T06:24:56","date_gmt":"2021-08-06T04:24:56","guid":{"rendered":"http:\/\/eko100wp.hastsveden.se\/index.php\/produkt\/eko100-conlube-90-1000-liter\/"},"modified":"2024-02-05T11:42:29","modified_gmt":"2024-02-05T10:42:29","slug":"eko100-conlube-90-1000-liter","status":"publish","type":"product","link":"https:\/\/eko100.com\/index.php\/produkt\/eko100-conlube-90-1000-liter\/","title":{"rendered":"EKO100 ConLube 90, (Bio) 1000 liter"},"content":{"rendered":"<p class=\"p1\">EKO100 ConLube,\u00a0 en bioolja som \u00e4r avsedd f\u00f6r sm\u00f6rjning av kedjetransport\u00f6rer,<br \/>\ngejdrar etc. inom s\u00e5gverk och \u00f6vrig industri. \u00c4ven avsedd f\u00f6r centralsm\u00f6rjningssystem. EKO100 ConLube finns i tv\u00e5 viskositetsklasser. ISO VG46 samt ISO VG90.<\/p>\n<p>Egenskaper:<\/p>\n<ul class=\"ul1\">\n<li class=\"li2\">EKO100 ConLube \u00e4r skonsam f\u00f6r anv\u00e4ndaren samt biologiskt nedbrytbar i naturen enligt OECD 301F krav.<\/li>\n<li class=\"li2\">EKO100 ConLube \u00e4r baserad p\u00e5 teknisk rapsolja och har extremt goda sm\u00f6rjande egenskaper.<\/li>\n<li class=\"li2\">EKO100 ConLube skyddar mot korrosion samt har god vidh\u00e4ftning mot metaller vilket ger ett mycket gott slitageskydd f\u00f6r gejdrar och kedjornas leder.<\/li>\n<li class=\"li2\">EKO100 ConLube har en fryspunkt p\u00e5 -27\u00b0C<\/li>\n<\/ul>\n","protected":false},"excerpt":{"rendered":"<p>EKO100 ConLube,\u00a0 en bioolja som \u00e4r avsedd f\u00f6r sm\u00f6rjning av kedjetransport\u00f6rer, gejdrar etc. inom s\u00e5gverk och \u00f6vrig industri. \u00c4ven avsedd f\u00f6r centralsm\u00f6rjningssystem. EKO100 ConLube finns i tv\u00e5 viskositetsklasser. ISO VG46 samt ISO VG90. Egenskaper: EKO100 ConLube \u00e4r skonsam f\u00f6r anv\u00e4ndaren samt biologiskt nedbrytbar i naturen enligt OECD 301F krav. EKO100 ConLube \u00e4r baserad p\u00e5 teknisk [&hellip;]<\/p>\n","protected":false},"featured_media":319,"template":"","meta":[],"product_brand":[],"product_cat":[36],"product_tag":[],"class_list":{"0":"post-206","1":"product","2":"type-product","3":"status-publish","4":"has-post-thumbnail","6":"product_cat-eko100-conlube-transportorsmorjning","8":"first","9":"instock","10":"taxable","11":"shipping-taxable","12":"purchasable","13":"product-type-simple"},"jetpack_sharing_enabled":true,"_links":{"self":[{"href":"https:\/\/eko100.com\/index.php\/wp-json\/wp\/v2\/product\/206","targetHints":{"allow":["GET"]}}],"collection":[{"href":"https:\/\/eko100.com\/index.php\/wp-json\/wp\/v2\/product"}],"about":[{"href":"https:\/\/eko100.com\/index.php\/wp-json\/wp\/v2\/types\/product"}],"wp:featuredmedia":[{"embeddable":true,"href":"https:\/\/eko100.com\/index.php\/wp-json\/wp\/v2\/media\/319"}],"wp:attachment":[{"href":"https:\/\/eko100.com\/index.php\/wp-json\/wp\/v2\/media?parent=206"}],"wp:term":[{"taxonomy":"product_brand","embeddable":true,"href":"https:\/\/eko100.com\/index.php\/wp-json\/wp\/v2\/product_brand?post=206"},{"taxonomy":"product_cat","embeddable":true,"href":"https:\/\/eko100.com\/index.php\/wp-json\/wp\/v2\/product_cat?post=206"},{"taxonomy":"product_tag","embeddable":true,"href":"https:\/\/eko100.com\/index.php\/wp-json\/wp\/v2\/product_tag?post=206"}],"curies":[{"name":"wp","href":"https:\/\/api.w.org\/{rel}","templated":true}]}}